{"id":111,"date":"2015-03-08T17:42:45","date_gmt":"2015-03-08T17:42:45","guid":{"rendered":"http:\/\/buzzygames.net\/?page_id=111"},"modified":"2020-10-16T15:26:26","modified_gmt":"2020-10-16T13:26:26","slug":"mentions-legales","status":"publish","type":"page","link":"http:\/\/buzzygames.net\/en\/mentions-legales\/","title":{"rendered":"Mentions l\u00e9gales"},"content":{"rendered":"\t\t<div data-elementor-type=\"wp-page\" data-elementor-id=\"111\" class=\"elementor elementor-111\">\n\t\t\t\t\t\t<div class=\"elementor-inner\">\n\t\t\t\t<div class=\"elementor-section-wrap\">\n\t\t\t\t\t\t\t\t\t<section class=\"elementor-section elementor-top-section elementor-element elementor-element-489f73f3 elementor-section-boxed elementor-section-height-default elementor-section-height-default\" data-id=\"489f73f3\" data-element_type=\"section\">\n\t\t\t\t\t\t<div class=\"elementor-container elementor-column-gap-default\">\n\t\t\t\t\t\t\t<div class=\"elementor-row\">\n\t\t\t\t\t<div class=\"elementor-column elementor-col-100 elementor-top-column elementor-element elementor-element-2f629c6a\" data-id=\"2f629c6a\" data-element_type=\"column\">\n\t\t\t<div class=\"elementor-column-wrap elementor-element-populated\">\n\t\t\t\t\t\t\t<div class=\"elementor-widget-wrap\">\n\t\t\t\t\t\t<div class=\"elementor-element elementor-element-6cf293ab elementor-widget elementor-widget-text-editor\" data-id=\"6cf293ab\" data-element_type=\"widget\" data-widget_type=\"text-editor.default\">\n\t\t\t\t<div class=\"elementor-widget-container\">\n\t\t\t\t\t\t\t\t<div class=\"elementor-text-editor elementor-clearfix\">\n\t\t\t\t<p>Le site Buzzygames.net\u00a0et ses sous-domaines sont \u00e9dit\u00e9s par BUZZY GAMES, SAS au capital de 40\u00a0000 euros, enregistr\u00e9e au registre du commerce et des soci\u00e9t\u00e9s de Paris sous le num\u00e9ro B 805\u00a0112\u00a0489, dont le si\u00e8ge social se trouve au\u00a069 rue Charlot 75003 Paris<\/p><p><strong>Informations g\u00e9n\u00e9rales<\/strong><\/p><p>Editeur du site :\u00a0BUZZY GAMES<br \/>Directeur de la publication : Wladimir Watine<br \/>H\u00e9bergement : OVH<br \/>2, rue Kellermann 59100 Roubaix \u2013 France<\/p><p>Ce site utilise WordPress, Th\u00e8me : <a href=\"https:\/\/themeisle.com\/\" target=\"_blank\" rel=\"noopener\">Neve<\/a><\/p>\t\t\t\t\t<\/div>\n\t\t\t\t\t\t<\/div>\n\t\t\t\t<\/div>\n\t\t\t\t\t\t<\/div>\n\t\t\t\t\t<\/div>\n\t\t<\/div>\n\t\t\t\t\t\t\t\t<\/div>\n\t\t\t\t\t<\/div>\n\t\t<\/section>\n\t\t\t\t<div class=\"elementor-section elementor-top-section elementor-element elementor-element-29ee1162 elementor-section-content-middle elementor-section-stretched elementor-section-boxed elementor-section-height-default elementor-section-height-default\" data-id=\"29ee1162\" data-element_type=\"section\" data-settings=\"{&quot;background_background&quot;:&quot;classic&quot;,&quot;stretch_section&quot;:&quot;section-stretched&quot;,&quot;shape_divider_top&quot;:&quot;arrow&quot;}\">\n\t\t\t\t\t<div class=\"elementor-shape elementor-shape-top\" data-negative=\"false\">\n\t\t\t<svg xmlns=\"http:\/\/www.w3.org\/2000\/svg\" viewBox=\"0 0 700 10\" preserveAspectRatio=\"none\">\n\t<path class=\"elementor-shape-fill\" d=\"M350,10L340,0h20L350,10z\"\/>\n<\/svg>\t\t<\/div>\n\t\t\t\t\t<div class=\"elementor-container elementor-column-gap-wider\">\n\t\t\t\t\t\t\t<div class=\"elementor-row\">\n\t\t\t\t\t<div class=\"elementor-column elementor-col-33 elementor-top-column elementor-element elementor-element-64f80765\" data-id=\"64f80765\" data-element_type=\"column\">\n\t\t\t<div class=\"elementor-column-wrap elementor-element-populated\">\n\t\t\t\t\t\t\t<div class=\"elementor-widget-wrap\">\n\t\t\t\t\t\t<div class=\"elementor-element elementor-element-2f9c3f elementor-widget elementor-widget-image\" data-id=\"2f9c3f\" data-element_type=\"widget\" data-widget_type=\"image.default\">\n\t\t\t\t<div class=\"elementor-widget-container\">\n\t\t\t\t\t\t\t\t<div class=\"elementor-image\">\n\t\t\t\t\t\t\t\t\t\t\t\t<img decoding=\"async\" width=\"400\" height=\"400\" src=\"http:\/\/buzzygames.net\/wp-content\/uploads\/2020\/10\/Logo-Buzzy-blanc-400x400.png\" class=\"attachment-medium size-medium wp-image-441\" alt=\"\" loading=\"lazy\" srcset=\"http:\/\/buzzygames.net\/wp-content\/uploads\/2020\/10\/Logo-Buzzy-blanc-400x400.png 400w, http:\/\/buzzygames.net\/wp-content\/uploads\/2020\/10\/Logo-Buzzy-blanc-1024x1024.png 1024w, http:\/\/buzzygames.net\/wp-content\/uploads\/2020\/10\/Logo-Buzzy-blanc-150x150.png 150w, http:\/\/buzzygames.net\/wp-content\/uploads\/2020\/10\/Logo-Buzzy-blanc-1536x1536.png 1536w, http:\/\/buzzygames.net\/wp-content\/uploads\/2020\/10\/Logo-Buzzy-blanc-2048x2048.png 2048w\" sizes=\"(max-width: 400px) 100vw, 400px\" \/>\t\t\t\t\t\t\t\t\t\t\t\t\t\t<\/div>\n\t\t\t\t\t\t<\/div>\n\t\t\t\t<\/div>\n\t\t\t\t<div class=\"elementor-element elementor-element-5be1b9c6 elementor-widget elementor-widget-text-editor\" data-id=\"5be1b9c6\" data-element_type=\"widget\" data-widget_type=\"text-editor.default\">\n\t\t\t\t<div class=\"elementor-widget-container\">\n\t\t\t\t\t\t\t\t<div class=\"elementor-text-editor elementor-clearfix\">\n\t\t\t\t<h3>Buzzy Games<\/h3><p><\/p><ul><li><a href=\"http:\/\/buzzygames.net\/en\/contact\/\">Contact us<\/a><\/li><li><a href=\"http:\/\/buzzygames.net\/en\/a-propos\/\">About us<\/a><\/li><li><a href=\"http:\/\/buzzygames.net\/en\/mentions-legales\/\">Legal mentions<\/a><\/li><li>Webdesigned by <a title=\"Origames\" href=\"https:\/\/www.origames.fr\" target=\"_blank\" rel=\"noopener\">Origames<\/a><\/li><\/ul><p><\/p>\t\t\t\t\t<\/div>\n\t\t\t\t\t\t<\/div>\n\t\t\t\t<\/div>\n\t\t\t\t\t\t<\/div>\n\t\t\t\t\t<\/div>\n\t\t<\/div>\n\t\t\t\t<div class=\"elementor-column elementor-col-33 elementor-top-column elementor-element elementor-element-4fb48634\" data-id=\"4fb48634\" data-element_type=\"column\">\n\t\t\t<div class=\"elementor-column-wrap elementor-element-populated\">\n\t\t\t\t\t\t\t<div class=\"elementor-widget-wrap\">\n\t\t\t\t\t\t<div class=\"elementor-element elementor-element-3f6aa994 elementor-view-default elementor-widget elementor-widget-icon\" data-id=\"3f6aa994\" data-element_type=\"widget\" data-widget_type=\"icon.default\">\n\t\t\t\t<div class=\"elementor-widget-container\">\n\t\t\t\t\t<div class=\"elementor-icon-wrapper\">\n\t\t\t<div class=\"elementor-icon\">\n\t\t\t\t\t\t<\/div>\n\t\t<\/div>\n\t\t\t\t<\/div>\n\t\t\t\t<\/div>\n\t\t\t\t<div class=\"elementor-element elementor-element-6c54515d elementor-widget elementor-widget-image\" data-id=\"6c54515d\" data-element_type=\"widget\" data-widget_type=\"image.default\">\n\t\t\t\t<div class=\"elementor-widget-container\">\n\t\t\t\t\t\t\t\t<div class=\"elementor-image\">\n\t\t\t\t\t\t\t\t\t\t\t\t<img decoding=\"async\" width=\"400\" height=\"220\" src=\"http:\/\/buzzygames.net\/wp-content\/uploads\/2020\/10\/Logo-SPINBOARD-400x220.png\" class=\"attachment-medium size-medium wp-image-442\" alt=\"\" loading=\"lazy\" srcset=\"http:\/\/buzzygames.net\/wp-content\/uploads\/2020\/10\/Logo-SPINBOARD-400x220.png 400w, http:\/\/buzzygames.net\/wp-content\/uploads\/2020\/10\/Logo-SPINBOARD-1024x563.png 1024w, http:\/\/buzzygames.net\/wp-content\/uploads\/2020\/10\/Logo-SPINBOARD-1536x844.png 1536w, http:\/\/buzzygames.net\/wp-content\/uploads\/2020\/10\/Logo-SPINBOARD-2048x1126.png 2048w\" sizes=\"(max-width: 400px) 100vw, 400px\" \/>\t\t\t\t\t\t\t\t\t\t\t\t\t\t<\/div>\n\t\t\t\t\t\t<\/div>\n\t\t\t\t<\/div>\n\t\t\t\t<div class=\"elementor-element elementor-element-52e9db63 elementor-widget elementor-widget-text-editor\" data-id=\"52e9db63\" data-element_type=\"widget\" data-widget_type=\"text-editor.default\">\n\t\t\t\t<div class=\"elementor-widget-container\">\n\t\t\t\t\t\t\t\t<div class=\"elementor-text-editor elementor-clearfix\">\n\t\t\t\t<h3>Spinboard<\/h3><p>SPINBOARD is a registered trademark<\/p>\t\t\t\t\t<\/div>\n\t\t\t\t\t\t<\/div>\n\t\t\t\t<\/div>\n\t\t\t\t\t\t<\/div>\n\t\t\t\t\t<\/div>\n\t\t<\/div>\n\t\t\t\t<div class=\"elementor-column elementor-col-33 elementor-top-column elementor-element elementor-element-7dbace2d\" data-id=\"7dbace2d\" data-element_type=\"column\">\n\t\t\t<div class=\"elementor-column-wrap elementor-element-populated\">\n\t\t\t\t\t\t\t<div class=\"elementor-widget-wrap\">\n\t\t\t\t\t\t<div class=\"elementor-element elementor-element-9b818e0 elementor-widget elementor-widget-image\" data-id=\"9b818e0\" data-element_type=\"widget\" data-widget_type=\"image.default\">\n\t\t\t\t<div class=\"elementor-widget-container\">\n\t\t\t\t\t\t\t\t<div class=\"elementor-image\">\n\t\t\t\t\t\t\t\t\t\t\t\t<img decoding=\"async\" width=\"400\" height=\"400\" src=\"http:\/\/buzzygames.net\/wp-content\/uploads\/2020\/10\/logo_BRG_contours_blanc-2-400x400.png\" class=\"attachment-medium size-medium wp-image-446\" alt=\"\" loading=\"lazy\" srcset=\"http:\/\/buzzygames.net\/wp-content\/uploads\/2020\/10\/logo_BRG_contours_blanc-2-400x400.png 400w, http:\/\/buzzygames.net\/wp-content\/uploads\/2020\/10\/logo_BRG_contours_blanc-2-1022x1024.png 1022w, http:\/\/buzzygames.net\/wp-content\/uploads\/2020\/10\/logo_BRG_contours_blanc-2-150x150.png 150w, http:\/\/buzzygames.net\/wp-content\/uploads\/2020\/10\/logo_BRG_contours_blanc-2-1533x1536.png 1533w, http:\/\/buzzygames.net\/wp-content\/uploads\/2020\/10\/logo_BRG_contours_blanc-2.png 2000w\" sizes=\"(max-width: 400px) 100vw, 400px\" \/>\t\t\t\t\t\t\t\t\t\t\t\t\t\t<\/div>\n\t\t\t\t\t\t<\/div>\n\t\t\t\t<\/div>\n\t\t\t\t<div class=\"elementor-element elementor-element-5d0c7ffb elementor-widget elementor-widget-text-editor\" data-id=\"5d0c7ffb\" data-element_type=\"widget\" data-widget_type=\"text-editor.default\">\n\t\t\t\t<div class=\"elementor-widget-container\">\n\t\t\t\t\t\t\t\t<div class=\"elementor-text-editor elementor-clearfix\">\n\t\t\t\t<h3>Blackrock Games<\/h3><p><a href=\"http:\/\/www.blackrockgames.fr\/\" target=\"_blank\" rel=\"noopener\">blackrockgames.fr<\/a><\/p>\t\t\t\t\t<\/div>\n\t\t\t\t\t\t<\/div>\n\t\t\t\t<\/div>\n\t\t\t\t\t\t<\/div>\n\t\t\t\t\t<\/div>\n\t\t<\/div>\n\t\t\t\t\t\t\t\t<\/div>\n\t\t\t\t\t<\/div>\n\t\t<\/div>\n\t\t\t\t\t\t\t\t\t<\/div>\n\t\t\t<\/div>\n\t\t\t\t\t<\/div>\n\t\t","protected":false},"excerpt":{"rendered":"<p>Le site Buzzygames.net\u00a0et ses sous-domaines sont \u00e9dit\u00e9s par BUZZY GAMES, SAS au capital de 40\u00a0000 euros, enregistr\u00e9e au registre du commerce et des soci\u00e9t\u00e9s de Paris sous le num\u00e9ro B 805\u00a0112\u00a0489, dont le si\u00e8ge social se trouve au\u00a069 rue Charlot 75003 Paris Informations g\u00e9n\u00e9rales Editeur du site :\u00a0BUZZY GAMESDirecteur de la publication : Wladimir WatineH\u00e9bergement&hellip;&nbsp;<a href=\"http:\/\/buzzygames.net\/en\/mentions-legales\/\" class=\"\" rel=\"bookmark\">Read More &raquo;<span class=\"screen-reader-text\">Mentions l\u00e9gales<\/span><\/a><\/p>\n","protected":false},"author":1,"featured_media":0,"parent":0,"menu_order":0,"comment_status":"closed","ping_status":"closed","template":"","meta":{"_mi_skip_tracking":false,"_exactmetrics_sitenote_active":false,"_exactmetrics_sitenote_note":"","_exactmetrics_sitenote_category":0,"neve_meta_sidebar":"","neve_meta_container":"","neve_meta_enable_content_width":"","neve_meta_content_width":0,"neve_meta_title_alignment":"","neve_meta_author_avatar":"","neve_post_elements_order":"","neve_meta_disable_header":"","neve_meta_disable_footer":"","neve_meta_disable_title":"","_ti_tpc_template_sync":false,"_ti_tpc_template_id":""},"yoast_head":"<!-- This site is optimized with the Yoast SEO plugin v20.11 - https:\/\/yoast.com\/wordpress\/plugins\/seo\/ -->\n<title>Mentions l\u00e9gales - BUZZY GAMES<\/title>\n<meta name=\"robots\" content=\"index, follow, max-snippet:-1, max-image-preview:large, max-video-preview:-1\" \/>\n<link rel=\"canonical\" href=\"http:\/\/buzzygames.net\/en\/mentions-legales\/\" \/>\n<meta property=\"og:locale\" content=\"en_US\" \/>\n<meta property=\"og:type\" content=\"article\" \/>\n<meta property=\"og:title\" content=\"Mentions l\u00e9gales - BUZZY GAMES\" \/>\n<meta property=\"og:description\" content=\"Le site Buzzygames.net\u00a0et ses sous-domaines sont \u00e9dit\u00e9s par BUZZY GAMES, SAS au capital de 40\u00a0000 euros, enregistr\u00e9e au registre du commerce et des soci\u00e9t\u00e9s de Paris sous le num\u00e9ro B 805\u00a0112\u00a0489, dont le si\u00e8ge social se trouve au\u00a069 rue Charlot 75003 Paris Informations g\u00e9n\u00e9rales Editeur du site :\u00a0BUZZY GAMESDirecteur de la publication : Wladimir WatineH\u00e9bergement&hellip;&nbsp;Read More &raquo;Mentions l\u00e9gales\" \/>\n<meta property=\"og:url\" content=\"http:\/\/buzzygames.net\/en\/mentions-legales\/\" \/>\n<meta property=\"og:site_name\" content=\"BUZZY GAMES\" \/>\n<meta property=\"article:publisher\" content=\"https:\/\/www.facebook.com\/buzzygames\" \/>\n<meta property=\"article:modified_time\" content=\"2020-10-16T13:26:26+00:00\" \/>\n<meta property=\"og:image\" content=\"http:\/\/buzzygames.net\/wp-content\/uploads\/2020\/10\/Logo-Buzzy-blanc-400x400.png\" \/>\n<meta name=\"twitter:card\" content=\"summary_large_image\" \/>\n<meta name=\"twitter:label1\" content=\"Est. reading time\" \/>\n\t<meta name=\"twitter:data1\" content=\"1 minute\" \/>\n<script type=\"application\/ld+json\" class=\"yoast-schema-graph\">{\"@context\":\"https:\/\/schema.org\",\"@graph\":[{\"@type\":\"WebPage\",\"@id\":\"http:\/\/buzzygames.net\/en\/mentions-legales\/\",\"url\":\"http:\/\/buzzygames.net\/en\/mentions-legales\/\",\"name\":\"Mentions l\u00e9gales - BUZZY GAMES\",\"isPartOf\":{\"@id\":\"https:\/\/buzzygames.net\/en\/#website\"},\"datePublished\":\"2015-03-08T17:42:45+00:00\",\"dateModified\":\"2020-10-16T13:26:26+00:00\",\"breadcrumb\":{\"@id\":\"http:\/\/buzzygames.net\/en\/mentions-legales\/#breadcrumb\"},\"inLanguage\":\"en-US\",\"potentialAction\":[{\"@type\":\"ReadAction\",\"target\":[\"http:\/\/buzzygames.net\/en\/mentions-legales\/\"]}]},{\"@type\":\"BreadcrumbList\",\"@id\":\"http:\/\/buzzygames.net\/en\/mentions-legales\/#breadcrumb\",\"itemListElement\":[{\"@type\":\"ListItem\",\"position\":1,\"name\":\"Home\",\"item\":\"https:\/\/buzzygames.net\/en\/\"},{\"@type\":\"ListItem\",\"position\":2,\"name\":\"Mentions l\u00e9gales\"}]},{\"@type\":\"WebSite\",\"@id\":\"https:\/\/buzzygames.net\/en\/#website\",\"url\":\"https:\/\/buzzygames.net\/en\/\",\"name\":\"BUZZY GAMES\",\"description\":\"Des jeux fun, accessibles et conviviaux !\",\"publisher\":{\"@id\":\"https:\/\/buzzygames.net\/en\/#organization\"},\"potentialAction\":[{\"@type\":\"SearchAction\",\"target\":{\"@type\":\"EntryPoint\",\"urlTemplate\":\"https:\/\/buzzygames.net\/en\/?s={search_term_string}\"},\"query-input\":\"required name=search_term_string\"}],\"inLanguage\":\"en-US\"},{\"@type\":\"Organization\",\"@id\":\"https:\/\/buzzygames.net\/en\/#organization\",\"name\":\"Buzzy Games\",\"url\":\"https:\/\/buzzygames.net\/en\/\",\"logo\":{\"@type\":\"ImageObject\",\"inLanguage\":\"en-US\",\"@id\":\"https:\/\/buzzygames.net\/en\/#\/schema\/logo\/image\/\",\"url\":\"http:\/\/buzzygames.net\/wp-content\/uploads\/2020\/10\/Logo-BUZZY-bleu.png\",\"contentUrl\":\"http:\/\/buzzygames.net\/wp-content\/uploads\/2020\/10\/Logo-BUZZY-bleu.png\",\"width\":817,\"height\":653,\"caption\":\"Buzzy Games\"},\"image\":{\"@id\":\"https:\/\/buzzygames.net\/en\/#\/schema\/logo\/image\/\"},\"sameAs\":[\"https:\/\/www.facebook.com\/buzzygames\"]}]}<\/script>\n<!-- \/ Yoast SEO plugin. -->","yoast_head_json":{"title":"Mentions l\u00e9gales - BUZZY GAMES","robots":{"index":"index","follow":"follow","max-snippet":"max-snippet:-1","max-image-preview":"max-image-preview:large","max-video-preview":"max-video-preview:-1"},"canonical":"http:\/\/buzzygames.net\/en\/mentions-legales\/","og_locale":"en_US","og_type":"article","og_title":"Mentions l\u00e9gales - BUZZY GAMES","og_description":"Le site Buzzygames.net\u00a0et ses sous-domaines sont \u00e9dit\u00e9s par BUZZY GAMES, SAS au capital de 40\u00a0000 euros, enregistr\u00e9e au registre du commerce et des soci\u00e9t\u00e9s de Paris sous le num\u00e9ro B 805\u00a0112\u00a0489, dont le si\u00e8ge social se trouve au\u00a069 rue Charlot 75003 Paris Informations g\u00e9n\u00e9rales Editeur du site :\u00a0BUZZY GAMESDirecteur de la publication : Wladimir WatineH\u00e9bergement&hellip;&nbsp;Read More &raquo;Mentions l\u00e9gales","og_url":"http:\/\/buzzygames.net\/en\/mentions-legales\/","og_site_name":"BUZZY GAMES","article_publisher":"https:\/\/www.facebook.com\/buzzygames","article_modified_time":"2020-10-16T13:26:26+00:00","og_image":[{"url":"http:\/\/buzzygames.net\/wp-content\/uploads\/2020\/10\/Logo-Buzzy-blanc-400x400.png"}],"twitter_card":"summary_large_image","twitter_misc":{"Est. reading time":"1 minute"},"schema":{"@context":"https:\/\/schema.org","@graph":[{"@type":"WebPage","@id":"http:\/\/buzzygames.net\/en\/mentions-legales\/","url":"http:\/\/buzzygames.net\/en\/mentions-legales\/","name":"Mentions l\u00e9gales - BUZZY GAMES","isPartOf":{"@id":"https:\/\/buzzygames.net\/en\/#website"},"datePublished":"2015-03-08T17:42:45+00:00","dateModified":"2020-10-16T13:26:26+00:00","breadcrumb":{"@id":"http:\/\/buzzygames.net\/en\/mentions-legales\/#breadcrumb"},"inLanguage":"en-US","potentialAction":[{"@type":"ReadAction","target":["http:\/\/buzzygames.net\/en\/mentions-legales\/"]}]},{"@type":"BreadcrumbList","@id":"http:\/\/buzzygames.net\/en\/mentions-legales\/#breadcrumb","itemListElement":[{"@type":"ListItem","position":1,"name":"Home","item":"https:\/\/buzzygames.net\/en\/"},{"@type":"ListItem","position":2,"name":"Mentions l\u00e9gales"}]},{"@type":"WebSite","@id":"https:\/\/buzzygames.net\/en\/#website","url":"https:\/\/buzzygames.net\/en\/","name":"BUZZY GAMES","description":"Des jeux fun, accessibles et conviviaux !","publisher":{"@id":"https:\/\/buzzygames.net\/en\/#organization"},"potentialAction":[{"@type":"SearchAction","target":{"@type":"EntryPoint","urlTemplate":"https:\/\/buzzygames.net\/en\/?s={search_term_string}"},"query-input":"required name=search_term_string"}],"inLanguage":"en-US"},{"@type":"Organization","@id":"https:\/\/buzzygames.net\/en\/#organization","name":"Buzzy Games","url":"https:\/\/buzzygames.net\/en\/","logo":{"@type":"ImageObject","inLanguage":"en-US","@id":"https:\/\/buzzygames.net\/en\/#\/schema\/logo\/image\/","url":"http:\/\/buzzygames.net\/wp-content\/uploads\/2020\/10\/Logo-BUZZY-bleu.png","contentUrl":"http:\/\/buzzygames.net\/wp-content\/uploads\/2020\/10\/Logo-BUZZY-bleu.png","width":817,"height":653,"caption":"Buzzy Games"},"image":{"@id":"https:\/\/buzzygames.net\/en\/#\/schema\/logo\/image\/"},"sameAs":["https:\/\/www.facebook.com\/buzzygames"]}]}},"_links":{"self":[{"href":"http:\/\/buzzygames.net\/en\/wp-json\/wp\/v2\/pages\/111"}],"collection":[{"href":"http:\/\/buzzygames.net\/en\/wp-json\/wp\/v2\/pages"}],"about":[{"href":"http:\/\/buzzygames.net\/en\/wp-json\/wp\/v2\/types\/page"}],"author":[{"embeddable":true,"href":"http:\/\/buzzygames.net\/en\/wp-json\/wp\/v2\/users\/1"}],"replies":[{"embeddable":true,"href":"http:\/\/buzzygames.net\/en\/wp-json\/wp\/v2\/comments?post=111"}],"version-history":[{"count":3,"href":"http:\/\/buzzygames.net\/en\/wp-json\/wp\/v2\/pages\/111\/revisions"}],"predecessor-version":[{"id":502,"href":"http:\/\/buzzygames.net\/en\/wp-json\/wp\/v2\/pages\/111\/revisions\/502"}],"wp:attachment":[{"href":"http:\/\/buzzygames.net\/en\/wp-json\/wp\/v2\/media?parent=111"}],"curies":[{"name":"wp","href":"https:\/\/api.w.org\/{rel}","templated":true}]}}